{"id":6,"date":"2021-03-24T10:55:40","date_gmt":"2021-03-24T10:55:40","guid":{"rendered":"http:\/\/billingenslanglopp.se\/?page_id=6"},"modified":"2026-01-28T11:45:49","modified_gmt":"2026-01-28T11:45:49","slug":"inbjudan-tavlingsklasser","status":"publish","type":"page","link":"https:\/\/billingenslanglopp.se\/index.php\/inbjudan-tavlingsklasser\/","title":{"rendered":"Inbjudan t\u00e4vlingsklasser"},"content":{"rendered":"\n<p><a href=\"https:\/\/billingenslanglopp.se\/index.php\/2026\/01\/27\/pm-2026-lordag\/\" data-type=\"post\" data-id=\"2069\">L\u00e4s PM 2026 f\u00f6r t\u00e4vlingsklasser<\/a><\/p>\n\n\n\n<p>Delt\u00e4vling i <a href=\"https:\/\/the-originals.se\" target=\"_blank\" rel=\"noreferrer noopener\">The Originals<\/a> och Ski Classics Challengers. Officiellt seedningslopp till Vasaloppet &amp; Tjejvasan<\/p>\n\n\n\n<p class=\"has-text-align-left\"><strong>KLASSER:<\/strong>&nbsp;<\/p>\n\n\n\n<ul class=\"wp-block-list\">\n<li>40 km Damer 17-20 (2009-2006).&nbsp;&nbsp;&nbsp;<\/li>\n\n\n\n<li>40 km Herrar 17-20 (2009-2006)<\/li>\n\n\n\n<li>40 km Damer 21-39 (2005-1987)<\/li>\n\n\n\n<li>40 km Herrar 21-39 (2005-1987)<\/li>\n\n\n\n<li>40 km Damer 40- (1986-, och tidigare)&nbsp;&nbsp;<\/li>\n\n\n\n<li>40 km Herrar 40-49, 50-59, 60- (1986-, 1976-, 1966 och tidigare)<\/li>\n<\/ul>\n\n\n\n<p><strong>START:<\/strong> 31 januari 2026. Gemensam start kl 10:00. Damer led 0 start kl 09:50.<\/p>\n\n\n\n<p><strong>PLATS:&nbsp;<\/strong>Billingen,&nbsp;Sk\u00f6vde<\/p>\n\n\n\n<p><strong>BANSTR\u00c4CKNING:&nbsp;<\/strong>Se&nbsp;<a href=\"http:\/\/billingenslanglopp.se\/index.php\/banstrackning\/\" data-type=\"page\" data-id=\"2\">banstr\u00e4ckning<\/a><\/p>\n\n\n\n<p><strong>PRISER:<\/strong>&nbsp;Herrar samt damer totalt, <strong>1:a<\/strong>&nbsp;pris- 5 000 SEK.&nbsp;<strong>2:a<\/strong>&nbsp;pris 3000 SEK.&nbsp;<strong>3:e<\/strong>&nbsp;pris 1500 SEK.&nbsp;<strong>4:a&nbsp;<\/strong>750 SEK.&nbsp;<strong>5:a&nbsp;<\/strong>500 SEK.&nbsp;<strong>6:a&nbsp;<\/strong>250 SEK<\/p>\n\n\n\n<p>Medaljer till samtliga deltagare<\/p>\n\n\n\n<p><strong>SPRINT:&nbsp;<\/strong>F\u00f6rste \u00e5kare i dam resp herrklassen tilldelas ett hederspris vid f\u00f6rsta varvning<\/p>\n\n\n\n<p><strong>ANM\u00c4LAN:<\/strong> Sker senast 1 h f\u00f6re start p\u00e5 t\u00e4vlingsdagen p\u00e5 hemsidan under <a href=\"http:\/\/billingenslanglopp.se\/index.php\/anmalan\/\">anm\u00e4lan<\/a><\/p>\n\n\n\n<p><strong>REPTIDER<\/strong>: F\u00f6r t\u00e4vlingsklasser rekommenderar vi att man \u00e5ker 40 km p\u00e5 h\u00f6gst 4 h<\/p>\n\n\n\n<p><strong>PARKERING:&nbsp;<\/strong>Finns&nbsp;i&nbsp;anslutning&nbsp;till&nbsp;skidstadion,&nbsp;f\u00f6lj&nbsp;anvisningar<\/p>\n\n\n\n<p><strong>NUMMERV\u00c4STAR MED CHIP: <\/strong>H\u00e4mtas&nbsp;under&nbsp;fredag&nbsp;p\u00e5&nbsp;expeditionen&nbsp;inne&nbsp;p\u00e5&nbsp;Billingecentrat \u00d6ppettider;<br>Fredag 16:00-19:00<br>L\u00f6rdag 07:00-10:00<\/p>\n\n\n\n<p><strong>TIDTAGNING:&nbsp;<\/strong>EQ Timing&nbsp;<\/p>\n\n\n\n<p><strong>STARTLED F\u00d6R T\u00c4VLINGSKLASSER:<\/strong>&nbsp;<br>Det kommer att finnas sex startled f\u00f6r t\u00e4vlingsklasser. Ett elitled (0), fem led f\u00f6r t\u00e4vlingsklasser (1,2,3,4,5-)<\/p>\n\n\n\n<p>\u201dF\u00f6rst till kvarn\u201d att l\u00e4gga ut skidorna g\u00e4ller fr\u00e5n kl 08,00. Alla \u00e5kare i led 0 har fasta startpositioner<\/p>\n\n\n\n<p><strong>Se seedningskriterier f\u00f6r de 6 startleden nedan:<\/strong>&nbsp;&nbsp;<\/p>\n\n\n\n<p><strong>LED 0, Dam:<\/strong>&nbsp;&nbsp;<br>Kvalificerad f\u00f6r elitled p\u00e5 Vasaloppet under 2026 eller 2025<br>1-20 (Damer) totalt i The Originals 2026 eller 2025<br>1-30 Tjejvasan under de 2 senaste \u00e5ren&nbsp;<br>1-10 Billingens L\u00e5nglopp under de 2 senaste \u00e5ren&nbsp;<\/p>\n\n\n\n<p><strong>LED 0, Herr:<\/strong>&nbsp;&nbsp;<br>Kvalificerad f\u00f6r elitled p\u00e5 Vasaloppet under 2026 eller 2025&nbsp;<br>1-60 (Herrar) totalt i The Originals 2026 eller 2025<br>1-30 Billingens L\u00e5nglopp under de 2 senaste \u00e5ren&nbsp;&nbsp;&nbsp;<\/p>\n\n\n\n<p><strong>LED 1, Herr och Dam:<\/strong>&nbsp;&nbsp;<br>Kvalificerad f\u00f6r led 1 p\u00e5 Vasaloppet vid n\u00e5got tillf\u00e4lle under de tv\u00e5 senaste \u00e5ren<\/p>\n\n\n\n<p><strong>LED 2, Herr och Dam:<\/strong>&nbsp;&nbsp;<br>Kvalificerad f\u00f6r led 2 p\u00e5 Vasaloppet vid n\u00e5got tillf\u00e4lle under de tv\u00e5 senaste \u00e5ren&nbsp;&nbsp;<\/p>\n\n\n\n<p><strong>LED 3, Herr och Dam:<\/strong>&nbsp;&nbsp;<br>Kvalificerad f\u00f6r led 3 p\u00e5 Vasaloppet vid n\u00e5got tillf\u00e4lle under de tv\u00e5 senaste \u00e5ren&nbsp;<\/p>\n\n\n\n<p><strong>LED 4, Herr och Dam:<br><\/strong>Kvalificerad f\u00f6r led 4 p\u00e5 Vasaloppet vid n\u00e5got tillf\u00e4lle under de tv\u00e5 senaste \u00e5ren<\/p>\n\n\n\n<p><strong>LED 5-, Herr och Dam:<br><\/strong>Kvalificerad f\u00f6r led 5 eller h\u00f6gre p\u00e5 Vasaloppet vid n\u00e5got tillf\u00e4lle under de tv\u00e5 senaste \u00e5ren<\/p>\n\n\n\n<p>Seedningsgruppen tar \u00e4ven h\u00e4nsyn till om man angett j\u00e4mf\u00f6rbart resultat fr\u00e5n n\u00e5got annat av de st\u00f6rre svenska l\u00e5ngloppen i The Originals<\/p>\n\n\n\n<p><strong>Respektera v\u00e5ra seedningskriterier! Man anger sj\u00e4lv sitt startled men seedningsgruppen kommer att kontrollera och korrigera felaktigheter.<\/strong>&nbsp;<strong>Notera att arrang\u00f6r seedar upp alla aktuella Led 0- \u00e5kare fr\u00e5n Led 1.<\/strong>&nbsp;<strong>\u00c5kare som inte anger korrekta eller n\u00e5got resultat alls i anm\u00e4lan flyttas ned till led 5-.<\/strong><\/p>\n\n\n\n<p><strong>RESERVSTAVAR:&nbsp;<\/strong>Kommer&nbsp;att&nbsp;finnas&nbsp;efter&nbsp;start&nbsp;samt&nbsp;vid&nbsp;varvning. Dessa&nbsp;\u00e5terl\u00e4mnas&nbsp;direkt&nbsp;efter&nbsp;m\u00e5lg\u00e5ng<\/p>\n\n\n\n<p class=\"has-text-align-left\"><strong>ENERGISTATIONER:&nbsp;<\/strong>Kommer&nbsp;att&nbsp;finnas&nbsp;p\u00e5 tv\u00e5 platser samt vid varvning och m\u00e5lg\u00e5ng. Sportdryck, vatten, cola, russin samt bullar kommer att serveras<\/p>\n\n\n\n<p><strong>DUSCH OCH OMBYTE:<\/strong>&nbsp;Finns&nbsp;i&nbsp;direkt&nbsp;anslutning&nbsp;till start&nbsp;och&nbsp;m\u00e5l&nbsp;p\u00e5&nbsp;Billingen.&nbsp;Se&nbsp;<a href=\"https:\/\/billingenslanglopp.se\/index.php\/banstrackning\/\" data-type=\"page\" data-id=\"2\">\u00f6versiktskarta<\/a>&nbsp;<\/p>\n\n\n\n<p><strong>TOALETTER:<\/strong>&nbsp;Finns&nbsp;inne&nbsp;p\u00e5&nbsp;Billingecentrat och skidstadion<\/p>\n\n\n\n<p><strong>PRISUTDELNING:<\/strong>&nbsp;Cirka 1 h&nbsp;efter&nbsp;f\u00f6rsta&nbsp;m\u00e5lg\u00e5ng&nbsp;p\u00e5&nbsp;40 km vid&nbsp;m\u00e5lg\u00e5ngen&nbsp;p\u00e5&nbsp;skidstadion&nbsp;<\/p>\n\n\n\n<p><strong>T\u00c4VLANDE:<\/strong>&nbsp;Svenska&nbsp;skidf\u00f6rbundets&nbsp;t\u00e4vlingsregler&nbsp;g\u00e4ller&nbsp;&nbsp;<\/p>\n\n\n\n<p><strong>JURY\/ SEKRETARIAT:<\/strong>&nbsp;M\u00e5lhuset&nbsp;p\u00e5&nbsp;skidstadion<\/p>\n\n\n\n<p><strong>\u00c5TERBUD:<\/strong>&nbsp;Ingen&nbsp;\u00e5terbetalning&nbsp;vid&nbsp;\u00e5terbud. Vi&nbsp;rekommenderar&nbsp;d\u00e4rf\u00f6r f\u00f6rs\u00e4kringen&nbsp;<strong>Refund&nbsp;Protect<\/strong>. Man&nbsp;tecknar&nbsp;f\u00f6rs\u00e4kring&nbsp;enklast&nbsp;vid&nbsp;anm\u00e4lan&nbsp;d\u00e4r&nbsp;det&nbsp;\u00e4ven&nbsp;finns&nbsp;mer&nbsp;info&nbsp;och&nbsp;fullst\u00e4ndiga&nbsp;villkor<\/p>\n\n\n\n<p><strong>INST\u00c4LLT:&nbsp;<\/strong>Se villkor vid anm\u00e4lan<\/p>\n\n\n\n<p><strong>DELTAGARE SOM BRYTER:<\/strong>&nbsp;Bryter&nbsp;du&nbsp;loppet&nbsp;kontaktar&nbsp;du&nbsp;ansvarig&nbsp;i&nbsp;sekretariatet&nbsp;(m\u00e5lhuset)<\/p>\n\n\n\n<p><strong>SJUKV\u00c5RD:&nbsp;<\/strong>Kommer&nbsp;att&nbsp;finnas&nbsp;vid&nbsp;skidstadion&nbsp;under&nbsp;hela&nbsp;t\u00e4vlingsdagen<\/p>\n\n\n\n<p><strong>RESULTATLISTA:<\/strong>&nbsp;Se fliken <a href=\"https:\/\/billingenslanglopp.se\/index.php\/live\/\" data-type=\"page\" data-id=\"1287\">live<\/a><\/p>\n\n\n\n<p><strong>ARRANG\u00d6R:&nbsp;<\/strong>Billingens&nbsp;Skidallians &amp; <a href=\"https:\/\/svenskalanglopp.se\/\" target=\"_blank\" rel=\"noreferrer noopener\">Svenska L\u00e5nglopp<\/a><\/p>\n\n\n\n<p><strong>V\u00c4LKOMMEN!<\/strong>&nbsp;<\/p>\n","protected":false},"excerpt":{"rendered":"<p>L\u00e4s PM 2026 f\u00f6r t\u00e4vlingsklasser Delt\u00e4vling i The Originals och Ski Classics Challengers. Officiellt seedningslopp till Vasaloppet &amp; Tjejvasan KLASSER:&nbsp; START: 31 januari 2026. Gemensam start kl 10:00. Damer led 0 start kl 09:50. PLATS:&nbsp;Billingen,&nbsp;Sk\u00f6vde BANSTR\u00c4CKNING:&nbsp;Se&nbsp;banstr\u00e4ckning PRISER:&nbsp;Herrar samt damer totalt, 1:a&nbsp;pris- 5 000 SEK.&nbsp;2:a&nbsp;pris 3000 SEK.&nbsp;3:e&nbsp;pris 1500 SEK.&nbsp;4:a&nbsp;750 SEK.&nbsp;5:a&nbsp;500 SEK.&nbsp;6:a&nbsp;250 SEK Medaljer till samtliga deltagare [&hellip;]<\/p>\n","protected":false},"author":1,"featured_media":1592,"parent":0,"menu_order":0,"comment_status":"closed","ping_status":"closed","template":"","meta":{"footnotes":""},"class_list":["post-6","page","type-page","status-publish","has-post-thumbnail","hentry"],"jetpack_sharing_enabled":true,"_links":{"self":[{"href":"https:\/\/billingenslanglopp.se\/index.php\/wp-json\/wp\/v2\/pages\/6","targetHints":{"allow":["GET"]}}],"collection":[{"href":"https:\/\/billingenslanglopp.se\/index.php\/wp-json\/wp\/v2\/pages"}],"about":[{"href":"https:\/\/billingenslanglopp.se\/index.php\/wp-json\/wp\/v2\/types\/page"}],"author":[{"embeddable":true,"href":"https:\/\/billingenslanglopp.se\/index.php\/wp-json\/wp\/v2\/users\/1"}],"replies":[{"embeddable":true,"href":"https:\/\/billingenslanglopp.se\/index.php\/wp-json\/wp\/v2\/comments?post=6"}],"version-history":[{"count":20,"href":"https:\/\/billingenslanglopp.se\/index.php\/wp-json\/wp\/v2\/pages\/6\/revisions"}],"predecessor-version":[{"id":2085,"href":"https:\/\/billingenslanglopp.se\/index.php\/wp-json\/wp\/v2\/pages\/6\/revisions\/2085"}],"wp:featuredmedia":[{"embeddable":true,"href":"https:\/\/billingenslanglopp.se\/index.php\/wp-json\/wp\/v2\/media\/1592"}],"wp:attachment":[{"href":"https:\/\/billingenslanglopp.se\/index.php\/wp-json\/wp\/v2\/media?parent=6"}],"curies":[{"name":"wp","href":"https:\/\/api.w.org\/{rel}","templated":true}]}}